{"id":11,"date":"2015-04-23T07:23:58","date_gmt":"2015-04-23T06:23:58","guid":{"rendered":"http:\/\/www.agempem.org\/?page_id=11"},"modified":"2015-04-29T17:17:52","modified_gmt":"2015-04-29T16:17:52","slug":"bureau-executif","status":"publish","type":"page","link":"http:\/\/www.agempem.org\/?page_id=11","title":{"rendered":"BUREAU EXECUTIF"},"content":{"rendered":"<p>Le Bureau ex\u00e9cutif est compos\u00e9 comme suit :<\/p>\n<p>DG : Rev. Dr. Youssouf DEMBELE<\/p>\n<p>DGA : Rev. Past. Marc GOITA<\/p>\n<p>S\u00e9cr\u00e9taire : Past Djibril KALANE<\/p>\n<p>Tr\u00e9sorier : Emmanuel KEITA<\/p>\n<p>Tr\u00e9sorier Adjoint : Mme N&rsquo;DIAYE Hawa TESSOUGUE<\/p>\n<p>&nbsp;<\/p>\n<p>&nbsp;<\/p>\n","protected":false},"excerpt":{"rendered":"<p>Le Bureau ex\u00e9cutif est compos\u00e9 comme suit : DG : Rev. Dr. Youssouf DEMBELE DGA : Rev. Past. Marc GOITA S\u00e9cr\u00e9taire : Past Djibril KALANE Tr\u00e9sorier : Emmanuel KEITA Tr\u00e9sorier <a class=\"more-link\" href=\"http:\/\/www.agempem.org\/?page_id=11\">Lire la suite &rarr;<\/a><\/p>\n","protected":false},"author":1,"featured_media":0,"parent":6,"menu_order":0,"comment_status":"open","ping_status":"closed","template":"","meta":{"footnotes":""},"_links":{"self":[{"href":"http:\/\/www.agempem.org\/index.php?rest_route=\/wp\/v2\/pages\/11"}],"collection":[{"href":"http:\/\/www.agempem.org\/index.php?rest_route=\/wp\/v2\/pages"}],"about":[{"href":"http:\/\/www.agempem.org\/index.php?rest_route=\/wp\/v2\/types\/page"}],"author":[{"embeddable":true,"href":"http:\/\/www.agempem.org\/index.php?rest_route=\/wp\/v2\/users\/1"}],"replies":[{"embeddable":true,"href":"http:\/\/www.agempem.org\/index.php?rest_route=%2Fwp%2Fv2%2Fcomments&post=11"}],"version-history":[{"count":2,"href":"http:\/\/www.agempem.org\/index.php?rest_route=\/wp\/v2\/pages\/11\/revisions"}],"predecessor-version":[{"id":70,"href":"http:\/\/www.agempem.org\/index.php?rest_route=\/wp\/v2\/pages\/11\/revisions\/70"}],"up":[{"embeddable":true,"href":"http:\/\/www.agempem.org\/index.php?rest_route=\/wp\/v2\/pages\/6"}],"wp:attachment":[{"href":"http:\/\/www.agempem.org\/index.php?rest_route=%2Fwp%2Fv2%2Fmedia&parent=11"}],"curies":[{"name":"wp","href":"https:\/\/api.w.org\/{rel}","templated":true}]}}