{"id":4,"date":"2015-04-23T07:15:09","date_gmt":"2015-04-23T06:15:09","guid":{"rendered":"http:\/\/www.agempem.org\/?page_id=4"},"modified":"2015-12-10T08:07:45","modified_gmt":"2015-12-10T07:07:45","slug":"confession-de-foi","status":"publish","type":"page","link":"http:\/\/www.agempem.org\/?page_id=4","title":{"rendered":"CONFESSION DE FOI"},"content":{"rendered":"<p>Tous les membres \u00a0de l&rsquo;AGEMPEM\u00a0adh\u00e8rent \u00e0 cette confession de foi qui est la base de notre Association.<\/p>\n<p><strong>CONFESSION DE FOI<\/strong><\/p>\n<p>1. Nous croyons que la Bible, Ecriture Sainte, Parole infaillible de Dieu, est totalement et divinement inspir\u00e9e, exempte de toute erreur dans les textes originaux, enti\u00e8rement digne de confiance, autorit\u00e9 souveraine en mati\u00e8re de foi et de conduite.<br \/>\n2. Nous croyons en un Dieu unique en trois personnes, P\u00e8re, Fils et Saint-Esprit, de toute \u00e9ternit\u00e9.<br \/>\n3. Nous croyons en J\u00e9sus-Christ, notre Seigneur, Dieu manifest\u00e9 en chair, n\u00e9 de la vierge Marie, \u00e0 son humanit\u00e9 exempte de tout p\u00e9ch\u00e9, ses miracles divins, sa mort expiatoire et r\u00e9demptrice, sa r\u00e9surrection corporelle, son ascension, son \u0153uvre m\u00e9diatrice, son retour personnel dans la puissance et la gloire pour \u00e9tablir son r\u00e8gne sur toute la terre.<br \/>\n4. Nous croyons que tout homme est p\u00e9cheur et perdu, est sauv\u00e9, non par ses \u0153uvres, mais gr\u00e2ce au sang vers\u00e9 par J\u00e9sus-Christ, s\u2019il se repent et s\u2019il croit ; le Saint-Esprit accomplissant alors en lui le miracle de la nouvelle naissance.<br \/>\n5. Nous croyons en l\u2019Esprit saint, qui, venant demeurer en nous, nous donne le pouvoir de vivre une vie sainte, de servir J\u00e9sus-Christ et de Lui rendre t\u00e9moignage.<br \/>\n6. Nous croyons \u00e0 l\u2019unit\u00e9 v\u00e9ritable dans le Saint-Esprit de tous les croyants r\u00e9g\u00e9n\u00e9r\u00e9s, formant ensemble l\u2019Eglise Universelle, corps de Christ.<br \/>\n7. Nous croyons \u00e0 la r\u00e9surrection de tous les hommes. Ceux qui sont sauv\u00e9s ressusciteront pour la vie \u00e9ternelle. Ceux qui sont perdus ressusciteront pour le jugement et pour la punition \u00e9ternelle.<\/p>\n<p>&nbsp;<\/p>\n","protected":false},"excerpt":{"rendered":"<p>Tous les membres \u00a0de l&rsquo;AGEMPEM\u00a0adh\u00e8rent \u00e0 cette confession de foi qui est la base de notre Association. CONFESSION DE FOI 1. Nous croyons que la Bible, Ecriture Sainte, Parole infaillible <a class=\"more-link\" href=\"http:\/\/www.agempem.org\/?page_id=4\">Lire la suite &rarr;<\/a><\/p>\n","protected":false},"author":1,"featured_media":0,"parent":6,"menu_order":0,"comment_status":"open","ping_status":"closed","template":"","meta":{"footnotes":""},"_links":{"self":[{"href":"http:\/\/www.agempem.org\/index.php?rest_route=\/wp\/v2\/pages\/4"}],"collection":[{"href":"http:\/\/www.agempem.org\/index.php?rest_route=\/wp\/v2\/pages"}],"about":[{"href":"http:\/\/www.agempem.org\/index.php?rest_route=\/wp\/v2\/types\/page"}],"author":[{"embeddable":true,"href":"http:\/\/www.agempem.org\/index.php?rest_route=\/wp\/v2\/users\/1"}],"replies":[{"embeddable":true,"href":"http:\/\/www.agempem.org\/index.php?rest_route=%2Fwp%2Fv2%2Fcomments&post=4"}],"version-history":[{"count":4,"href":"http:\/\/www.agempem.org\/index.php?rest_route=\/wp\/v2\/pages\/4\/revisions"}],"predecessor-version":[{"id":91,"href":"http:\/\/www.agempem.org\/index.php?rest_route=\/wp\/v2\/pages\/4\/revisions\/91"}],"up":[{"embeddable":true,"href":"http:\/\/www.agempem.org\/index.php?rest_route=\/wp\/v2\/pages\/6"}],"wp:attachment":[{"href":"http:\/\/www.agempem.org\/index.php?rest_route=%2Fwp%2Fv2%2Fmedia&parent=4"}],"curies":[{"name":"wp","href":"https:\/\/api.w.org\/{rel}","templated":true}]}}